{"id":2,"date":"2024-09-24T11:48:32","date_gmt":"2024-09-24T09:48:32","guid":{"rendered":"https:\/\/xn--hlsoboken-v2a.se\/presentation\/?page_id=2"},"modified":"2024-09-24T12:22:53","modified_gmt":"2024-09-24T10:22:53","slug":"avkolning","status":"publish","type":"page","link":"https:\/\/xn--hlsoboken-v2a.se\/presentation\/avkolning\/","title":{"rendered":"Initiativ avkolning"},"content":{"rendered":"\n<h3 class=\"wp-block-heading\"><\/h3>\n\n\n\n<div style=\"height:var(--wp--preset--spacing--20)\" aria-hidden=\"true\" class=\"wp-block-spacer\"><\/div>\n\n\n\n<div class=\"wp-block-group alignfull is-content-justification-center is-layout-constrained wp-block-group-is-layout-constrained\" style=\"margin-top:0;margin-bottom:0\">\n<div class=\"wp-block-group alignwide is-layout-flow wp-block-group-is-layout-flow\">\n<div class=\"wp-block-columns alignwide are-vertically-aligned-top is-layout-flex wp-container-core-columns-is-layout-5c8fb865 wp-block-columns-is-layout-flex\">\n<div class=\"wp-block-column is-vertically-aligned-top is-content-justification-left is-layout-constrained wp-container-core-column-is-layout-95996b15 wp-block-column-is-layout-constrained\">\n<h2 class=\"wp-block-heading\">V\u00e5r vision:<\/h2>\n<\/div>\n\n\n\n<div class=\"wp-block-column is-vertically-aligned-top is-layout-flow wp-block-column-is-layout-flow\" style=\"flex-basis:40%\">\n<p>V\u00e5r vision \u00e4r att g\u00f6ra avkolning till en drivkraft f\u00f6r v\u00e5r framtid, d\u00e4r h\u00e5llbarhet och balans genomsyrar hela ekosystemet.<\/p>\n\n\n\n<p>Vi skapar en kol-ekonomi som inte bara fr\u00e4mjar en levande planet, utan ocks\u00e5 styrs av en eko-logik. Denna logik omfamnar livsmedelsf\u00f6rs\u00f6rjning, transport och energiproduktion \u2013 allt f\u00f6r en smartare, renare och mer h\u00e5llbar v\u00e4rld.<\/p>\n\n\n\n<div class=\"wp-block-buttons is-layout-flex wp-block-buttons-is-layout-flex\">\n<div class=\"wp-block-button\"><a class=\"wp-block-button__link wp-element-button\">Get Started<\/a><\/div>\n<\/div>\n<\/div>\n<\/div>\n\n\n\n<div style=\"height:var(--wp--preset--spacing--20)\" aria-hidden=\"true\" class=\"wp-block-spacer\"><\/div>\n\n\n\n<figure class=\"wp-block-image size-full\"><img loading=\"lazy\" decoding=\"async\" width=\"1024\" height=\"1024\" src=\"https:\/\/s3.eu-north-1.amazonaws.com\/halsoboken.se\/wp-content\/uploads\/sites\/17\/2024\/09\/24120201\/83C14CCE-FEB1-40CF-99DE-5FE571D69AC0.png\" alt=\"\" class=\"wp-image-10\" style=\"aspect-ratio:16\/9;object-fit:cover\" srcset=\"https:\/\/s3.eu-north-1.amazonaws.com\/halsoboken.se\/wp-content\/uploads\/sites\/17\/2024\/09\/24120201\/83C14CCE-FEB1-40CF-99DE-5FE571D69AC0.png 1024w, https:\/\/s3.eu-north-1.amazonaws.com\/halsoboken.se\/wp-content\/uploads\/sites\/17\/2024\/09\/24120201\/83C14CCE-FEB1-40CF-99DE-5FE571D69AC0-300x300.png 300w, https:\/\/s3.eu-north-1.amazonaws.com\/halsoboken.se\/wp-content\/uploads\/sites\/17\/2024\/09\/24120201\/83C14CCE-FEB1-40CF-99DE-5FE571D69AC0-150x150.png 150w, https:\/\/s3.eu-north-1.amazonaws.com\/halsoboken.se\/wp-content\/uploads\/sites\/17\/2024\/09\/24120201\/83C14CCE-FEB1-40CF-99DE-5FE571D69AC0-768x768.png 768w\" sizes=\"auto, (max-width: 1024px) 100vw, 1024px\" \/><\/figure>\n<\/div>\n\n\n\n<div style=\"height:var(--wp--preset--spacing--20)\" aria-hidden=\"true\" class=\"wp-block-spacer\"><\/div>\n<\/div>\n\n\n\n<div class=\"wp-block-columns alignfull is-layout-flex wp-container-core-columns-is-layout-28f84493 wp-block-columns-is-layout-flex\">\n<div class=\"wp-block-column is-layout-flow wp-block-column-is-layout-flow\" style=\"flex-basis:50%\">\n<div class=\"wp-block-cover is-light\" style=\"min-height:600px;aspect-ratio:unset;\"><span aria-hidden=\"true\" class=\"wp-block-cover__background has-background-dim-100 has-background-dim\" style=\"background-color:#f6f6f6\"><\/span><div class=\"wp-block-cover__inner-container is-layout-flow wp-block-cover-is-layout-flow\">\n<figure class=\"wp-block-image aligncenter size-medium\"><img loading=\"lazy\" decoding=\"async\" width=\"300\" height=\"298\" src=\"https:\/\/s3.eu-north-1.amazonaws.com\/halsoboken.se\/wp-content\/uploads\/sites\/17\/2024\/09\/24120807\/Logga-300x298.png\" alt=\"\" class=\"wp-image-15\" srcset=\"https:\/\/s3.eu-north-1.amazonaws.com\/halsoboken.se\/wp-content\/uploads\/sites\/17\/2024\/09\/24120807\/Logga-300x298.png 300w, https:\/\/s3.eu-north-1.amazonaws.com\/halsoboken.se\/wp-content\/uploads\/sites\/17\/2024\/09\/24120807\/Logga-150x150.png 150w, https:\/\/s3.eu-north-1.amazonaws.com\/halsoboken.se\/wp-content\/uploads\/sites\/17\/2024\/09\/24120807\/Logga-768x763.png 768w, https:\/\/s3.eu-north-1.amazonaws.com\/halsoboken.se\/wp-content\/uploads\/sites\/17\/2024\/09\/24120807\/Logga.png 980w\" sizes=\"auto, (max-width: 300px) 100vw, 300px\" \/><\/figure>\n<\/div><\/div>\n<\/div>\n\n\n\n<div class=\"wp-block-column is-vertically-aligned-center is-layout-flow wp-block-column-is-layout-flow\" style=\"padding-top:1em;padding-right:1em;padding-bottom:1em;padding-left:1em\">\n<div class=\"wp-block-columns is-layout-flex wp-container-core-columns-is-layout-28f84493 wp-block-columns-is-layout-flex\">\n<div class=\"wp-block-column is-layout-flow wp-block-column-is-layout-flow\" style=\"flex-basis:320px\">\n<p class=\"has-small-font-size\" style=\"line-height:1.6\"><strong>Inititativ avkolning<\/strong><\/p>\n\n\n\n<p class=\"has-small-font-size\" style=\"line-height:1.6\">Vi vill att avkolning ska vara k\u00e4lla till v\u00e5r f\u00f6rs\u00f6rjning<br>f\u00f6r ett ekosystem i balans<\/p>\n\n\n\n<p class=\"has-small-font-size\" style=\"line-height:1.6\">En ekonomi f\u00f6r levande system [ kol-ekonomi ] med en Eko-logik som inkluderar Livsmedelsf\u00f6rs\u00f6rjning, Transporter och Energiproduktion<\/p>\n<\/div>\n<\/div>\n<\/div>\n<\/div>\n\n\n\n<div class=\"wp-block-group is-layout-constrained wp-container-core-group-is-layout-a1483c95 wp-block-group-is-layout-constrained\" style=\"padding-top:30px;padding-right:30px;padding-bottom:30px;padding-left:30px\">\n<div class=\"wp-block-columns is-layout-flex wp-container-core-columns-is-layout-28f84493 wp-block-columns-is-layout-flex\">\n<div class=\"wp-block-column is-layout-flow wp-block-column-is-layout-flow\" style=\"flex-basis:50%\">\n<div class=\"wp-block-query is-layout-flow wp-block-query-is-layout-flow\"><ul class=\"wp-block-post-template is-layout-flow wp-block-post-template-is-layout-flow\"><li class=\"wp-block-post post-26 post type-post status-publish format-standard has-post-thumbnail hentry category-okategoriserade\">\n<figure class=\"wp-block-post-featured-image\"><img loading=\"lazy\" decoding=\"async\" width=\"1024\" height=\"1024\" src=\"https:\/\/s3.eu-north-1.amazonaws.com\/halsoboken.se\/wp-content\/uploads\/sites\/17\/2024\/09\/24122339\/ekologiskt-medborgarskap.png\" class=\"attachment-post-thumbnail size-post-thumbnail wp-post-image\" alt=\"\" style=\"object-fit:cover;\" srcset=\"https:\/\/s3.eu-north-1.amazonaws.com\/halsoboken.se\/wp-content\/uploads\/sites\/17\/2024\/09\/24122339\/ekologiskt-medborgarskap.png 1024w, https:\/\/s3.eu-north-1.amazonaws.com\/halsoboken.se\/wp-content\/uploads\/sites\/17\/2024\/09\/24122339\/ekologiskt-medborgarskap-300x300.png 300w, https:\/\/s3.eu-north-1.amazonaws.com\/halsoboken.se\/wp-content\/uploads\/sites\/17\/2024\/09\/24122339\/ekologiskt-medborgarskap-150x150.png 150w, https:\/\/s3.eu-north-1.amazonaws.com\/halsoboken.se\/wp-content\/uploads\/sites\/17\/2024\/09\/24122339\/ekologiskt-medborgarskap-768x768.png 768w\" sizes=\"auto, (max-width: 1024px) 100vw, 1024px\" \/><\/figure>\n\n<h2 class=\"wp-block-post-title\">Medborgarskap<\/h2>\n\n<div class=\"wp-block-post-date\"><time datetime=\"2024-09-24T12:24:07+02:00\">24 september 2024<\/time><\/div>\n\n\n<div style=\"height:200px\" aria-hidden=\"true\" class=\"wp-block-spacer\"><\/div>\n\n<\/li><li class=\"wp-block-post post-1 post type-post status-publish format-standard hentry category-okategoriserade\">\n\n\n<h2 class=\"wp-block-post-title\">Ekologiskt medborgrskap!<\/h2>\n\n<div class=\"wp-block-post-date\"><time datetime=\"2024-09-24T11:48:32+02:00\">24 september 2024<\/time><\/div>\n\n\n<div style=\"height:200px\" aria-hidden=\"true\" class=\"wp-block-spacer\"><\/div>\n\n<\/li><\/ul><\/div>\n<\/div>\n\n\n\n<div class=\"wp-block-column is-layout-flow wp-block-column-is-layout-flow\" style=\"flex-basis:50%\">\n<div class=\"wp-block-query is-layout-flow wp-block-query-is-layout-flow\"><\/div>\n<\/div>\n<\/div>\n<\/div>\n","protected":false},"excerpt":{"rendered":"<p>V\u00e5r vision: V\u00e5r vision \u00e4r att g\u00f6ra avkolning till en drivkraft f\u00f6r v\u00e5r framtid, d\u00e4r h\u00e5llbarhet och balans genomsyrar hela ekosystemet. Vi skapar en kol-ekonomi som inte bara fr\u00e4mjar en levande planet, utan ocks\u00e5 styrs av en eko-logik. Denna logik omfamnar livsmedelsf\u00f6rs\u00f6rjning, transport och energiproduktion \u2013 allt f\u00f6r en smartare, renare och mer h\u00e5llbar v\u00e4rld. [&hellip;]<\/p>\n","protected":false},"author":3,"featured_media":0,"parent":0,"menu_order":0,"comment_status":"closed","ping_status":"open","template":"","meta":{"footnotes":""},"class_list":["post-2","page","type-page","status-publish","hentry"],"_links":{"self":[{"href":"https:\/\/xn--hlsoboken-v2a.se\/presentation\/wp-json\/wp\/v2\/pages\/2","targetHints":{"allow":["GET"]}}],"collection":[{"href":"https:\/\/xn--hlsoboken-v2a.se\/presentation\/wp-json\/wp\/v2\/pages"}],"about":[{"href":"https:\/\/xn--hlsoboken-v2a.se\/presentation\/wp-json\/wp\/v2\/types\/page"}],"author":[{"embeddable":true,"href":"https:\/\/xn--hlsoboken-v2a.se\/presentation\/wp-json\/wp\/v2\/users\/3"}],"replies":[{"embeddable":true,"href":"https:\/\/xn--hlsoboken-v2a.se\/presentation\/wp-json\/wp\/v2\/comments?post=2"}],"version-history":[{"count":8,"href":"https:\/\/xn--hlsoboken-v2a.se\/presentation\/wp-json\/wp\/v2\/pages\/2\/revisions"}],"predecessor-version":[{"id":25,"href":"https:\/\/xn--hlsoboken-v2a.se\/presentation\/wp-json\/wp\/v2\/pages\/2\/revisions\/25"}],"wp:attachment":[{"href":"https:\/\/xn--hlsoboken-v2a.se\/presentation\/wp-json\/wp\/v2\/media?parent=2"}],"curies":[{"name":"wp","href":"https:\/\/api.w.org\/{rel}","templated":true}]}}