{"id":88,"date":"2025-02-21T09:23:49","date_gmt":"2025-02-21T08:23:49","guid":{"rendered":"https:\/\/xn--hlsoboken-v2a.se\/lodge\/?page_id=88"},"modified":"2025-03-13T10:35:38","modified_gmt":"2025-03-13T09:35:38","slug":"share-with","status":"publish","type":"page","link":"https:\/\/xn--hlsoboken-v2a.se\/lodge\/share-with\/","title":{"rendered":"Share with"},"content":{"rendered":"\n<p>P\u00e5 Bj\u00f6rkhimlen kan du l\u00e5na olika saker, vi delar p\u00e5 kostnader f\u00f6r service och underh\u00e5ll. <\/p>\n","protected":false},"excerpt":{"rendered":"<p>P\u00e5 Bj\u00f6rkhimlen kan du l\u00e5na olika saker, vi delar p\u00e5 kostnader f\u00f6r service och underh\u00e5ll.<\/p>\n","protected":false},"author":3,"featured_media":0,"parent":0,"menu_order":0,"comment_status":"closed","ping_status":"closed","template":"","meta":{"footnotes":""},"class_list":["post-88","page","type-page","status-publish","hentry"],"_links":{"self":[{"href":"https:\/\/xn--hlsoboken-v2a.se\/lodge\/wp-json\/wp\/v2\/pages\/88","targetHints":{"allow":["GET"]}}],"collection":[{"href":"https:\/\/xn--hlsoboken-v2a.se\/lodge\/wp-json\/wp\/v2\/pages"}],"about":[{"href":"https:\/\/xn--hlsoboken-v2a.se\/lodge\/wp-json\/wp\/v2\/types\/page"}],"author":[{"embeddable":true,"href":"https:\/\/xn--hlsoboken-v2a.se\/lodge\/wp-json\/wp\/v2\/users\/3"}],"replies":[{"embeddable":true,"href":"https:\/\/xn--hlsoboken-v2a.se\/lodge\/wp-json\/wp\/v2\/comments?post=88"}],"version-history":[{"count":3,"href":"https:\/\/xn--hlsoboken-v2a.se\/lodge\/wp-json\/wp\/v2\/pages\/88\/revisions"}],"predecessor-version":[{"id":104,"href":"https:\/\/xn--hlsoboken-v2a.se\/lodge\/wp-json\/wp\/v2\/pages\/88\/revisions\/104"}],"wp:attachment":[{"href":"https:\/\/xn--hlsoboken-v2a.se\/lodge\/wp-json\/wp\/v2\/media?parent=88"}],"curies":[{"name":"wp","href":"https:\/\/api.w.org\/{rel}","templated":true}]}}