{"id":79,"date":"2025-02-21T08:29:23","date_gmt":"2025-02-21T07:29:23","guid":{"rendered":"https:\/\/xn--hlsoboken-v2a.se\/lodge\/?page_id=79"},"modified":"2025-03-15T09:57:54","modified_gmt":"2025-03-15T08:57:54","slug":"care-of","status":"publish","type":"page","link":"https:\/\/xn--hlsoboken-v2a.se\/lodge\/care-of\/","title":{"rendered":"Care of"},"content":{"rendered":"\n<p><strong>Omsorgsplikt:<\/strong> Vad inneb\u00e4r det?<\/p>\n\n\n\n<p><strong>Egen ansvar:<\/strong> Varje person som bor p\u00e5 Bj\u00f6rkhimlen har egenansvar att ta hand om sina egna saker och sitt eget rum. Det finns en norm p\u00e5 vad som anses rimligt f\u00f6r att inte p\u00e5verka andra personer som bor i fastigheten.<\/p>\n\n\n\n<p><strong>Gemensammt ansvar<\/strong>:<\/p>\n\n\n\n<p><\/p>\n\n\n\n<p><strong>Fastighets\u00e4garens ansvar<\/strong>: Fiscal host<\/p>\n\n\n\n<p>Fastighets\u00e4garen ser till att betala alla r\u00e4kningar, och att fastigheten uppfyller legala krav p\u00e5 boendet. Fastighets\u00e4garen ser till att ekonomi redovisas enligt skatteverkets riktlinjer f\u00f6r <\/p>\n\n\n\n<p><strong>Ekonomisk m\u00e4klare<\/strong>: AirBnb<\/p>\n\n\n\n<p>AirBnb agerar ekonomisk m\u00e4klare och ansvarar f\u00f6r att hyra betalas enligt avtal, i tid och korrekt.<\/p>\n\n\n\n<p><\/p>\n","protected":false},"excerpt":{"rendered":"<p>Omsorgsplikt: Vad inneb\u00e4r det? Egen ansvar: Varje person som bor p\u00e5 Bj\u00f6rkhimlen har egenansvar att ta hand om sina egna saker och sitt eget rum. Det finns en norm p\u00e5 vad som anses rimligt f\u00f6r att inte p\u00e5verka andra personer som bor i fastigheten. Gemensammt ansvar: Fastighets\u00e4garens ansvar: Fiscal host Fastighets\u00e4garen ser till att betala [&hellip;]<\/p>\n","protected":false},"author":3,"featured_media":0,"parent":0,"menu_order":0,"comment_status":"closed","ping_status":"closed","template":"","meta":{"footnotes":""},"class_list":["post-79","page","type-page","status-publish","hentry"],"_links":{"self":[{"href":"https:\/\/xn--hlsoboken-v2a.se\/lodge\/wp-json\/wp\/v2\/pages\/79","targetHints":{"allow":["GET"]}}],"collection":[{"href":"https:\/\/xn--hlsoboken-v2a.se\/lodge\/wp-json\/wp\/v2\/pages"}],"about":[{"href":"https:\/\/xn--hlsoboken-v2a.se\/lodge\/wp-json\/wp\/v2\/types\/page"}],"author":[{"embeddable":true,"href":"https:\/\/xn--hlsoboken-v2a.se\/lodge\/wp-json\/wp\/v2\/users\/3"}],"replies":[{"embeddable":true,"href":"https:\/\/xn--hlsoboken-v2a.se\/lodge\/wp-json\/wp\/v2\/comments?post=79"}],"version-history":[{"count":4,"href":"https:\/\/xn--hlsoboken-v2a.se\/lodge\/wp-json\/wp\/v2\/pages\/79\/revisions"}],"predecessor-version":[{"id":106,"href":"https:\/\/xn--hlsoboken-v2a.se\/lodge\/wp-json\/wp\/v2\/pages\/79\/revisions\/106"}],"wp:attachment":[{"href":"https:\/\/xn--hlsoboken-v2a.se\/lodge\/wp-json\/wp\/v2\/media?parent=79"}],"curies":[{"name":"wp","href":"https:\/\/api.w.org\/{rel}","templated":true}]}}