{"id":291,"date":"2014-02-07T12:17:57","date_gmt":"2014-02-07T11:17:57","guid":{"rendered":"http:\/\/xn--hlsoboken-v2a.se\/demo\/?page_id=291"},"modified":"2014-02-07T13:01:47","modified_gmt":"2014-02-07T12:01:47","slug":"berattare","status":"publish","type":"page","link":"https:\/\/xn--hlsoboken-v2a.se\/demo\/?page_id=291","title":{"rendered":"Ber\u00e4ttare"},"content":{"rendered":"<p>Du har ans\u00f6kt om ett ber\u00e4ttarkonto. Som ber\u00e4ttare kan du dela med dig av dina erfarenheter. Du publicerar dina erfarenheter anonymt, men dina artiklar kommer att godk\u00e4nnas av oss innan de visas f\u00f6r andra. Du har angett<\/p>\n<p>&nbsp;<\/p>\n<table class=\"table table-bordered table-striped\">\n<colgroup>\n<col class=\"span1\">\n<col class=\"span7\">\n            <\/colgroup>\n<thead>\n<tr>\n<th>Beskrivning<\/th>\n<th>Kompetensprofil<\/th>\n<\/tr>\n<\/thead>\n<tbody>\n              <tr.>\n<td>\n                  Ditt \u00e4mnesomr\u00e5de\n                <\/td>\n<td><code>Ange diagnos<\/code><\/td>\n<\/tr>\n<tr>\n<td>\n                 Din kompetensniv\u00e5\n                <\/td>\n<td><span class=\"badge\">Introduktion<\/span><\/td>\n<\/tr>\n<\/tbody>\n<\/table>\n","protected":false},"excerpt":{"rendered":"<p>Du har ans\u00f6kt om ett ber\u00e4ttarkonto. Som ber\u00e4ttare kan du dela med dig av dina erfarenheter. Du publicerar dina erfarenheter [&hellip;]<\/p>\n","protected":false},"author":1,"featured_media":0,"parent":0,"menu_order":0,"comment_status":"closed","ping_status":"closed","template":"","meta":{"site-sidebar-layout":"default","site-content-layout":"","ast-site-content-layout":"default","site-content-style":"default","site-sidebar-style":"default","ast-global-header-display":"","ast-banner-title-visibility":"","ast-main-header-display":"","ast-hfb-above-header-display":"","ast-hfb-below-header-display":"","ast-hfb-mobile-header-display":"","site-post-title":"","ast-breadcrumbs-content":"","ast-featured-img":"","footer-sml-layout":"","ast-disable-related-posts":"","theme-transparent-header-meta":"","adv-header-id-meta":"","stick-header-meta":"","header-above-stick-meta":"","header-main-stick-meta":"","header-below-stick-meta":"","astra-migrate-meta-layouts":"default","ast-page-background-enabled":"default","ast-page-background-meta":{"desktop":{"background-color":"var(--ast-global-color-4)","background-image":"","background-repeat":"repeat","background-position":"center center","background-size":"auto","background-attachment":"scroll","background-type":"","background-media":"","overlay-type":"","overlay-color":"","overlay-opacity":"","overlay-gradient":""},"tablet":{"background-color":"","background-image":"","background-repeat":"repeat","background-position":"center center","background-size":"auto","background-attachment":"scroll","background-type":"","background-media":"","overlay-type":"","overlay-color":"","overlay-opacity":"","overlay-gradient":""},"mobile":{"background-color":"","background-image":"","background-repeat":"repeat","background-position":"center center","background-size":"auto","background-attachment":"scroll","background-type":"","background-media":"","overlay-type":"","overlay-color":"","overlay-opacity":"","overlay-gradient":""}},"ast-content-background-meta":{"desktop":{"background-color":"var(--ast-global-color-5)","background-image":"","background-repeat":"repeat","background-position":"center center","background-size":"auto","background-attachment":"scroll","background-type":"","background-media":"","overlay-type":"","overlay-color":"","overlay-opacity":"","overlay-gradient":""},"tablet":{"background-color":"var(--ast-global-color-5)","background-image":"","background-repeat":"repeat","background-position":"center center","background-size":"auto","background-attachment":"scroll","background-type":"","background-media":"","overlay-type":"","overlay-color":"","overlay-opacity":"","overlay-gradient":""},"mobile":{"background-color":"var(--ast-global-color-5)","background-image":"","background-repeat":"repeat","background-position":"center center","background-size":"auto","background-attachment":"scroll","background-type":"","background-media":"","overlay-type":"","overlay-color":"","overlay-opacity":"","overlay-gradient":""}},"footnotes":""},"class_list":["post-291","page","type-page","status-publish","hentry"],"_links":{"self":[{"href":"https:\/\/xn--hlsoboken-v2a.se\/demo\/index.php?rest_route=\/wp\/v2\/pages\/291","targetHints":{"allow":["GET"]}}],"collection":[{"href":"https:\/\/xn--hlsoboken-v2a.se\/demo\/index.php?rest_route=\/wp\/v2\/pages"}],"about":[{"href":"https:\/\/xn--hlsoboken-v2a.se\/demo\/index.php?rest_route=\/wp\/v2\/types\/page"}],"author":[{"embeddable":true,"href":"https:\/\/xn--hlsoboken-v2a.se\/demo\/index.php?rest_route=\/wp\/v2\/users\/1"}],"replies":[{"embeddable":true,"href":"https:\/\/xn--hlsoboken-v2a.se\/demo\/index.php?rest_route=%2Fwp%2Fv2%2Fcomments&post=291"}],"version-history":[{"count":0,"href":"https:\/\/xn--hlsoboken-v2a.se\/demo\/index.php?rest_route=\/wp\/v2\/pages\/291\/revisions"}],"wp:attachment":[{"href":"https:\/\/xn--hlsoboken-v2a.se\/demo\/index.php?rest_route=%2Fwp%2Fv2%2Fmedia&parent=291"}],"curies":[{"name":"wp","href":"https:\/\/api.w.org\/{rel}","templated":true}]}}