{"id":255,"date":"2014-01-19T14:18:22","date_gmt":"2014-01-19T13:18:22","guid":{"rendered":"http:\/\/xn--hlsoboken-v2a.se\/demo\/?page_id=255"},"modified":"2014-01-21T14:16:50","modified_gmt":"2014-01-21T13:16:50","slug":"borja-har","status":"publish","type":"page","link":"https:\/\/xn--hlsoboken-v2a.se\/demo\/?page_id=255","title":{"rendered":"B\u00f6rja h\u00e4r"},"content":{"rendered":"<p>Du har nu loggat in p\u00e5 ditt nya konto.Nedan ser du processen innan du \u00e4r f\u00e4rdig att anv\u00e4nda tj\u00e4nsten.<\/p>\n<p><span class=\"badge badge-success\">Steg 1<\/span> Din best\u00e4llning har g\u00e5tt iv\u00e4g till kundtj\u00e4nst<br \/>\n\u2022<br \/>\n<span class=\"label label-success\">Info<\/span> Ett bekr\u00e4ftelsemail fr\u00e5n Kundtj\u00e4nst. Du kan svara p\u00e5 mailet om du har ytterligare fr\u00e5gor<br \/>\n\u2022<br \/>\n<span class=\"badge badge-success\">Steg 2<\/span> Du f\u00e5r Inloggningsuppgifter och kan nu logga in p\u00e5 ditt nya konto<br \/>\n\u2022<br \/>\n<span class=\"badge badge-info\">Steg 3<\/span>\u00a0<a href=\"?p=250\">Bekanta dig med hur H\u00e4lsoboken fungera<\/a><br \/>\n\u2022<br \/>\n<span class=\"badge\">Steg 4<\/span> Byt l\u00f6senord till n\u00e5got du v\u00e4ljer sj\u00e4lv, g\u00e5 in p\u00e5 &#8221;<a href=\"wp-admin\/profile.php\">\u00c4ndra min profil<\/a>&#8221;<br \/>\n\u2022<br \/>\n<span class=\"badge\">Steg 5<\/span> Klar, du \u00e4r nu redo att anv\u00e4nda H\u00e4lsoboken<\/p>\n<hr \/>\n<h1>V\u00e5r Kundtj\u00e4nst och support<\/h1>\n<p>Har du fr\u00e5gor kontaktar du v\u00e5r kundtj\u00e4nst genom att<\/p>\n<ul>\n<li>Svara p\u00e5 det mail du redan f\u00e5tt fr\u00e5n YelloTAB.<\/li>\n<li>Ring supporttelefon:\u00a0<a href=\"callto:010 - 884 48 22\">010 &#8211; 884 48 22<\/a><\/li>\n<li>Klicka p\u00e5 den gula fliken uppe till v\u00e4nster f\u00f6r att hitta manualer<\/li>\n<li>Skaffa <a href=\"http:\/\/support.yellotab.se\/access\/help\">eget l\u00f6senord till supporten<\/a><\/li>\n<\/ul>\n<p><a href=\"http:\/\/yellotab.dozuki.com\/c\/H\u00e4lsoboken.se\"><img loading=\"lazy\" decoding=\"async\" class=\" wp-image-349 alignnone\" style=\"line-height: 1.5em;\" alt=\"yelloTAB_black\" src=\"http:\/\/xn--hlsoboken-v2a.se\/wp-content\/uploads\/2014\/01\/yelloTAB_black.png\" width=\"251\" height=\"58\" \/><\/a><\/p>\n","protected":false},"excerpt":{"rendered":"<p>Du har nu loggat in p\u00e5 ditt nya konto.Nedan ser du processen innan du \u00e4r f\u00e4rdig att anv\u00e4nda tj\u00e4nsten. Steg [&hellip;]<\/p>\n","protected":false},"author":1,"featured_media":0,"parent":0,"menu_order":0,"comment_status":"closed","ping_status":"closed","template":"","meta":{"site-sidebar-layout":"default","site-content-layout":"","ast-site-content-layout":"default","site-content-style":"default","site-sidebar-style":"default","ast-global-header-display":"","ast-banner-title-visibility":"","ast-main-header-display":"","ast-hfb-above-header-display":"","ast-hfb-below-header-display":"","ast-hfb-mobile-header-display":"","site-post-title":"","ast-breadcrumbs-content":"","ast-featured-img":"","footer-sml-layout":"","ast-disable-related-posts":"","theme-transparent-header-meta":"","adv-header-id-meta":"","stick-header-meta":"","header-above-stick-meta":"","header-main-stick-meta":"","header-below-stick-meta":"","astra-migrate-meta-layouts":"default","ast-page-background-enabled":"default","ast-page-background-meta":{"desktop":{"background-color":"var(--ast-global-color-4)","background-image":"","background-repeat":"repeat","background-position":"center center","background-size":"auto","background-attachment":"scroll","background-type":"","background-media":"","overlay-type":"","overlay-color":"","overlay-opacity":"","overlay-gradient":""},"tablet":{"background-color":"","background-image":"","background-repeat":"repeat","background-position":"center center","background-size":"auto","background-attachment":"scroll","background-type":"","background-media":"","overlay-type":"","overlay-color":"","overlay-opacity":"","overlay-gradient":""},"mobile":{"background-color":"","background-image":"","background-repeat":"repeat","background-position":"center center","background-size":"auto","background-attachment":"scroll","background-type":"","background-media":"","overlay-type":"","overlay-color":"","overlay-opacity":"","overlay-gradient":""}},"ast-content-background-meta":{"desktop":{"background-color":"var(--ast-global-color-5)","background-image":"","background-repeat":"repeat","background-position":"center center","background-size":"auto","background-attachment":"scroll","background-type":"","background-media":"","overlay-type":"","overlay-color":"","overlay-opacity":"","overlay-gradient":""},"tablet":{"background-color":"var(--ast-global-color-5)","background-image":"","background-repeat":"repeat","background-position":"center center","background-size":"auto","background-attachment":"scroll","background-type":"","background-media":"","overlay-type":"","overlay-color":"","overlay-opacity":"","overlay-gradient":""},"mobile":{"background-color":"var(--ast-global-color-5)","background-image":"","background-repeat":"repeat","background-position":"center center","background-size":"auto","background-attachment":"scroll","background-type":"","background-media":"","overlay-type":"","overlay-color":"","overlay-opacity":"","overlay-gradient":""}},"footnotes":""},"class_list":["post-255","page","type-page","status-publish","hentry"],"_links":{"self":[{"href":"https:\/\/xn--hlsoboken-v2a.se\/demo\/index.php?rest_route=\/wp\/v2\/pages\/255","targetHints":{"allow":["GET"]}}],"collection":[{"href":"https:\/\/xn--hlsoboken-v2a.se\/demo\/index.php?rest_route=\/wp\/v2\/pages"}],"about":[{"href":"https:\/\/xn--hlsoboken-v2a.se\/demo\/index.php?rest_route=\/wp\/v2\/types\/page"}],"author":[{"embeddable":true,"href":"https:\/\/xn--hlsoboken-v2a.se\/demo\/index.php?rest_route=\/wp\/v2\/users\/1"}],"replies":[{"embeddable":true,"href":"https:\/\/xn--hlsoboken-v2a.se\/demo\/index.php?rest_route=%2Fwp%2Fv2%2Fcomments&post=255"}],"version-history":[{"count":0,"href":"https:\/\/xn--hlsoboken-v2a.se\/demo\/index.php?rest_route=\/wp\/v2\/pages\/255\/revisions"}],"wp:attachment":[{"href":"https:\/\/xn--hlsoboken-v2a.se\/demo\/index.php?rest_route=%2Fwp%2Fv2%2Fmedia&parent=255"}],"curies":[{"name":"wp","href":"https:\/\/api.w.org\/{rel}","templated":true}]}}