{"id":217,"date":"2014-01-16T19:44:10","date_gmt":"2014-01-16T18:44:10","guid":{"rendered":"http:\/\/xn--hlsoboken-v2a.se\/demo\/?page_id=217"},"modified":"2014-08-18T16:42:30","modified_gmt":"2014-08-18T14:42:30","slug":"min-lots","status":"publish","type":"page","link":"https:\/\/xn--hlsoboken-v2a.se\/demo\/?page_id=217","title":{"rendered":"Min Lots"},"content":{"rendered":"<p>Internet \u00e4r ett kommunikationsverktyg som underl\u00e4ttar digital kommunikation och st\u00e4ller nya krav p\u00e5 f\u00f6rst\u00e5else och ansvar. F\u00f6r att v\u00e4gleda i denna process har vi en person som kan svara p\u00e5 fr\u00e5gor och ge r\u00e5d.<\/p>\n<div class=\"bs-callout bs-callout-info\">\n<h4>Kontaktperson<\/h4>\n<p>Din lots \u00e4r en kontaktperson som inte har n\u00e5gon medicinsk utbildning, men kan v\u00e4gleda dig att hantera din h\u00e4lsoinformation. Din lots kan ocks\u00e5 bjuda in och administrera formella och informella v\u00e5rdgivare som ska ha tillg\u00e5ng till din information.<\/p>\n<p>&nbsp;<\/p>\n<\/div>\n<p>Kommunikationsprocessen delas in i f\u00f6ljande delar<\/p>\n<ol>\n<li><strong>K\u00e4lla:<\/strong> person, \u00a0papper, digitalt arkiv.<\/li>\n<li><strong>Avs\u00e4ndare:<\/strong> person, lots, h\u00e4ndelse.<\/li>\n<li><strong>Kodning<\/strong> (kultur, spr\u00e5k)<\/li>\n<li><strong>Kanal<\/strong>:<\/li>\n<li><strong>Destination<\/strong>:\u00a0till person (telefon), till plats (brev) till e-post eller Drive<\/li>\n<li><strong>Mottagare<\/strong>:\u00a0till person (telefon), till plats (brev) till device (smartphone)<\/li>\n<li><strong>Tolka budskapet<\/strong> (spr\u00e5k o kultur)<\/li>\n<li><strong>Feedback: <\/strong>\u00e5terkoppling till avs\u00e4ndare<\/li>\n<\/ol>\n<p><img loading=\"lazy\" decoding=\"async\" class=\"alignnone\" src=\"http:\/\/xn--hlsoboken-v2a.se\/wp-content\/uploads\/2014\/08\/kommunikationsprocessen.jpg\" alt=\"\" width=\"871\" height=\"375\" \/><\/p>\n","protected":false},"excerpt":{"rendered":"<p>Internet \u00e4r ett kommunikationsverktyg som underl\u00e4ttar digital kommunikation och st\u00e4ller nya krav p\u00e5 f\u00f6rst\u00e5else och ansvar. F\u00f6r att v\u00e4gleda i [&hellip;]<\/p>\n","protected":false},"author":1,"featured_media":0,"parent":195,"menu_order":0,"comment_status":"closed","ping_status":"open","template":"","meta":{"site-sidebar-layout":"default","site-content-layout":"","ast-site-content-layout":"default","site-content-style":"default","site-sidebar-style":"default","ast-global-header-display":"","ast-banner-title-visibility":"","ast-main-header-display":"","ast-hfb-above-header-display":"","ast-hfb-below-header-display":"","ast-hfb-mobile-header-display":"","site-post-title":"","ast-breadcrumbs-content":"","ast-featured-img":"","footer-sml-layout":"","ast-disable-related-posts":"","theme-transparent-header-meta":"","adv-header-id-meta":"","stick-header-meta":"","header-above-stick-meta":"","header-main-stick-meta":"","header-below-stick-meta":"","astra-migrate-meta-layouts":"default","ast-page-background-enabled":"default","ast-page-background-meta":{"desktop":{"background-color":"var(--ast-global-color-4)","background-image":"","background-repeat":"repeat","background-position":"center center","background-size":"auto","background-attachment":"scroll","background-type":"","background-media":"","overlay-type":"","overlay-color":"","overlay-opacity":"","overlay-gradient":""},"tablet":{"background-color":"","background-image":"","background-repeat":"repeat","background-position":"center center","background-size":"auto","background-attachment":"scroll","background-type":"","background-media":"","overlay-type":"","overlay-color":"","overlay-opacity":"","overlay-gradient":""},"mobile":{"background-color":"","background-image":"","background-repeat":"repeat","background-position":"center center","background-size":"auto","background-attachment":"scroll","background-type":"","background-media":"","overlay-type":"","overlay-color":"","overlay-opacity":"","overlay-gradient":""}},"ast-content-background-meta":{"desktop":{"background-color":"var(--ast-global-color-5)","background-image":"","background-repeat":"repeat","background-position":"center center","background-size":"auto","background-attachment":"scroll","background-type":"","background-media":"","overlay-type":"","overlay-color":"","overlay-opacity":"","overlay-gradient":""},"tablet":{"background-color":"var(--ast-global-color-5)","background-image":"","background-repeat":"repeat","background-position":"center center","background-size":"auto","background-attachment":"scroll","background-type":"","background-media":"","overlay-type":"","overlay-color":"","overlay-opacity":"","overlay-gradient":""},"mobile":{"background-color":"var(--ast-global-color-5)","background-image":"","background-repeat":"repeat","background-position":"center center","background-size":"auto","background-attachment":"scroll","background-type":"","background-media":"","overlay-type":"","overlay-color":"","overlay-opacity":"","overlay-gradient":""}},"footnotes":""},"class_list":["post-217","page","type-page","status-publish","hentry"],"_links":{"self":[{"href":"https:\/\/xn--hlsoboken-v2a.se\/demo\/index.php?rest_route=\/wp\/v2\/pages\/217","targetHints":{"allow":["GET"]}}],"collection":[{"href":"https:\/\/xn--hlsoboken-v2a.se\/demo\/index.php?rest_route=\/wp\/v2\/pages"}],"about":[{"href":"https:\/\/xn--hlsoboken-v2a.se\/demo\/index.php?rest_route=\/wp\/v2\/types\/page"}],"author":[{"embeddable":true,"href":"https:\/\/xn--hlsoboken-v2a.se\/demo\/index.php?rest_route=\/wp\/v2\/users\/1"}],"replies":[{"embeddable":true,"href":"https:\/\/xn--hlsoboken-v2a.se\/demo\/index.php?rest_route=%2Fwp%2Fv2%2Fcomments&post=217"}],"version-history":[{"count":0,"href":"https:\/\/xn--hlsoboken-v2a.se\/demo\/index.php?rest_route=\/wp\/v2\/pages\/217\/revisions"}],"up":[{"embeddable":true,"href":"https:\/\/xn--hlsoboken-v2a.se\/demo\/index.php?rest_route=\/wp\/v2\/pages\/195"}],"wp:attachment":[{"href":"https:\/\/xn--hlsoboken-v2a.se\/demo\/index.php?rest_route=%2Fwp%2Fv2%2Fmedia&parent=217"}],"curies":[{"name":"wp","href":"https:\/\/api.w.org\/{rel}","templated":true}]}}