{"id":195,"date":"2014-01-15T20:50:25","date_gmt":"2014-01-15T19:50:25","guid":{"rendered":"http:\/\/xn--hlsoboken-v2a.se\/demo\/?page_id=195"},"modified":"2014-08-13T16:31:02","modified_gmt":"2014-08-13T14:31:02","slug":"mina-preferenser","status":"publish","type":"page","link":"https:\/\/xn--hlsoboken-v2a.se\/demo\/?page_id=195","title":{"rendered":"Mina preferenser"},"content":{"rendered":"<div class=\"panel panel-danger\">\n<div class=\"panel-heading\">ICE (In Case of Emergency)<\/div>\n<div class=\"panel-body\">Namn:<\/div>\n<div class=\"panel-body\">Mediciner:<\/div>\n<div class=\"panel-body\">Sjukdomar:<\/div>\n<div class=\"panel-footer\">Uppgifter som du vill g\u00f6ra tillg\u00e4ngligt f\u00f6r andra vid ett n\u00f6dl\u00e4ge<\/div>\n<\/div>\n<pre><strong>Anv\u00e4ndaruppgifter<\/strong><\/pre>\n<p style=\"padding-left: 30px;\">Anv\u00e4ndarnamn:<\/p>\n<p style=\"padding-left: 30px;\">Personnummer:<\/p>\n<pre><strong>Kommunikationspreferenser<\/strong><\/pre>\n<p style=\"padding-left: 30px;\">E-post adress:<\/p>\n<p style=\"padding-left: 30px;\"><span style=\"color: #999999;\">Telefon<\/span><\/p>\n<p><strong><span style=\"color: #999999; line-height: 1.5em;\">Kundepreferenser<\/span><\/strong><\/p>\n<p style=\"padding-left: 60px;\"><span style=\"color: #999999;\">Leveransadress:<\/span><\/p>\n<p style=\"padding-left: 60px;\"><span style=\"color: #999999;\">Faktura adress:<\/span><\/p>\n<div class=\"panel panel-warning\">\n<div class=\"panel-heading\">YelloTAB Support<\/div>\n<div class=\"panel-body\">Inloggningsuppgifter<\/div>\n<div class=\"panel-body\">Anv\u00e4ndarnamn:<\/div>\n<div class=\"panel-body\">Supportsida:<\/div>\n<\/div>\n","protected":false},"excerpt":{"rendered":"<p>ICE (In Case of Emergency) Namn: Mediciner: Sjukdomar: Uppgifter som du vill g\u00f6ra tillg\u00e4ngligt f\u00f6r andra vid ett n\u00f6dl\u00e4ge Anv\u00e4ndaruppgifter [&hellip;]<\/p>\n","protected":false},"author":1,"featured_media":0,"parent":0,"menu_order":0,"comment_status":"closed","ping_status":"open","template":"","meta":{"site-sidebar-layout":"default","site-content-layout":"","ast-site-content-layout":"default","site-content-style":"default","site-sidebar-style":"default","ast-global-header-display":"","ast-banner-title-visibility":"","ast-main-header-display":"","ast-hfb-above-header-display":"","ast-hfb-below-header-display":"","ast-hfb-mobile-header-display":"","site-post-title":"","ast-breadcrumbs-content":"","ast-featured-img":"","footer-sml-layout":"","ast-disable-related-posts":"","theme-transparent-header-meta":"","adv-header-id-meta":"","stick-header-meta":"","header-above-stick-meta":"","header-main-stick-meta":"","header-below-stick-meta":"","astra-migrate-meta-layouts":"default","ast-page-background-enabled":"default","ast-page-background-meta":{"desktop":{"background-color":"var(--ast-global-color-4)","background-image":"","background-repeat":"repeat","background-position":"center center","background-size":"auto","background-attachment":"scroll","background-type":"","background-media":"","overlay-type":"","overlay-color":"","overlay-opacity":"","overlay-gradient":""},"tablet":{"background-color":"","background-image":"","background-repeat":"repeat","background-position":"center center","background-size":"auto","background-attachment":"scroll","background-type":"","background-media":"","overlay-type":"","overlay-color":"","overlay-opacity":"","overlay-gradient":""},"mobile":{"background-color":"","background-image":"","background-repeat":"repeat","background-position":"center center","background-size":"auto","background-attachment":"scroll","background-type":"","background-media":"","overlay-type":"","overlay-color":"","overlay-opacity":"","overlay-gradient":""}},"ast-content-background-meta":{"desktop":{"background-color":"var(--ast-global-color-5)","background-image":"","background-repeat":"repeat","background-position":"center center","background-size":"auto","background-attachment":"scroll","background-type":"","background-media":"","overlay-type":"","overlay-color":"","overlay-opacity":"","overlay-gradient":""},"tablet":{"background-color":"var(--ast-global-color-5)","background-image":"","background-repeat":"repeat","background-position":"center center","background-size":"auto","background-attachment":"scroll","background-type":"","background-media":"","overlay-type":"","overlay-color":"","overlay-opacity":"","overlay-gradient":""},"mobile":{"background-color":"var(--ast-global-color-5)","background-image":"","background-repeat":"repeat","background-position":"center center","background-size":"auto","background-attachment":"scroll","background-type":"","background-media":"","overlay-type":"","overlay-color":"","overlay-opacity":"","overlay-gradient":""}},"footnotes":""},"class_list":["post-195","page","type-page","status-publish","hentry"],"_links":{"self":[{"href":"https:\/\/xn--hlsoboken-v2a.se\/demo\/index.php?rest_route=\/wp\/v2\/pages\/195","targetHints":{"allow":["GET"]}}],"collection":[{"href":"https:\/\/xn--hlsoboken-v2a.se\/demo\/index.php?rest_route=\/wp\/v2\/pages"}],"about":[{"href":"https:\/\/xn--hlsoboken-v2a.se\/demo\/index.php?rest_route=\/wp\/v2\/types\/page"}],"author":[{"embeddable":true,"href":"https:\/\/xn--hlsoboken-v2a.se\/demo\/index.php?rest_route=\/wp\/v2\/users\/1"}],"replies":[{"embeddable":true,"href":"https:\/\/xn--hlsoboken-v2a.se\/demo\/index.php?rest_route=%2Fwp%2Fv2%2Fcomments&post=195"}],"version-history":[{"count":0,"href":"https:\/\/xn--hlsoboken-v2a.se\/demo\/index.php?rest_route=\/wp\/v2\/pages\/195\/revisions"}],"wp:attachment":[{"href":"https:\/\/xn--hlsoboken-v2a.se\/demo\/index.php?rest_route=%2Fwp%2Fv2%2Fmedia&parent=195"}],"curies":[{"name":"wp","href":"https:\/\/api.w.org\/{rel}","templated":true}]}}